{"id":1978,"date":"2021-02-02T13:15:14","date_gmt":"2021-02-02T13:15:14","guid":{"rendered":"https:\/\/stockholm118.qodeinteractive.com\/?page_id=218"},"modified":"2022-02-20T13:02:23","modified_gmt":"2022-02-20T12:02:23","slug":"contacter-le-club-de-boxe-anglaise","status":"publish","type":"page","link":"https:\/\/eiphe.com\/preproduction\/merci\/contacter-le-club-de-boxe-anglaise\/","title":{"rendered":"Contacter le club de boxe anglaise"},"content":{"rendered":"\t\t<div data-elementor-type=\"wp-page\" data-elementor-id=\"1978\" class=\"elementor elementor-1978\">\n\t\t\t\t\t\t\t\t\t<section class=\"elementor-section elementor-top-section elementor-element elementor-element-10b0e7e elementor-section-full_width qode_elementor_container_inner elementor-section-height-default elementor-section-height-default parallax_section_no qode-content-aligment-left\" data-id=\"10b0e7e\" data-element_type=\"section\">\n\t\t\t\t\t\t<div class=\"elementor-container elementor-column-gap-default\">\n\t\t\t\t\t<div class=\"elementor-column elementor-col-25 elementor-top-column elementor-element elementor-element-ffa83a5\" data-id=\"ffa83a5\" data-element_type=\"column\">\n\t\t\t<div class=\"elementor-widget-wrap elementor-element-populated\">\n\t\t\t\t\t\t\t\t<div class=\"elementor-element elementor-element-11b417b elementor-widget elementor-widget-text-editor\" data-id=\"11b417b\" data-element_type=\"widget\" data-widget_type=\"text-editor.default\">\n\t\t\t\t<div class=\"elementor-widget-container\">\n\t\t\t<style>\/*! elementor - v3.7.6 - 15-09-2022 *\/\n.elementor-widget-text-editor.elementor-drop-cap-view-stacked .elementor-drop-cap{background-color:#818a91;color:#fff}.elementor-widget-text-editor.elementor-drop-cap-view-framed .elementor-drop-cap{color:#818a91;border:3px solid;background-color:transparent}.elementor-widget-text-editor:not(.elementor-drop-cap-view-default) .elementor-drop-cap{margin-top:8px}.elementor-widget-text-editor:not(.elementor-drop-cap-view-default) .elementor-drop-cap-letter{width:1em;height:1em}.elementor-widget-text-editor .elementor-drop-cap{float:left;text-align:center;line-height:1;font-size:50px}.elementor-widget-text-editor .elementor-drop-cap-letter{display:inline-block}<\/style>\t\t\t\t<div class=\"elementor-element elementor-element-ad24ef9 elementor-widget elementor-widget-text-editor\" data-id=\"ad24ef9\" data-element_type=\"widget\" data-widget_type=\"text-editor.default\"><div class=\"elementor-widget-container\"><div class=\"elementor-text-editor elementor-clearfix\"><h4>Addresse<\/h4><\/div><\/div><\/div>\t\t\t\t\t\t<\/div>\n\t\t\t\t<\/div>\n\t\t\t\t<div class=\"elementor-element elementor-element-03c0cf9 elementor-widget elementor-widget-text-editor\" data-id=\"03c0cf9\" data-element_type=\"widget\" data-widget_type=\"text-editor.default\">\n\t\t\t\t<div class=\"elementor-widget-container\">\n\t\t\t\t\t\t\t<p>COS de Massy &#8211; Av. du Noyer Lambert, 91300 Massy &#8211; France<\/p>\t\t\t\t\t\t<\/div>\n\t\t\t\t<\/div>\n\t\t\t\t\t<\/div>\n\t\t<\/div>\n\t\t\t\t<div class=\"elementor-column elementor-col-25 elementor-top-column elementor-element elementor-element-a92c8f3\" data-id=\"a92c8f3\" data-element_type=\"column\">\n\t\t\t<div class=\"elementor-widget-wrap elementor-element-populated\">\n\t\t\t\t\t\t\t\t<div class=\"elementor-element elementor-element-695e87b elementor-widget elementor-widget-text-editor\" data-id=\"695e87b\" data-element_type=\"widget\" data-widget_type=\"text-editor.default\">\n\t\t\t\t<div class=\"elementor-widget-container\">\n\t\t\t\t\t\t\t<div class=\"elementor-element elementor-element-ad24ef9 elementor-widget elementor-widget-text-editor\" data-id=\"ad24ef9\" data-element_type=\"widget\" data-widget_type=\"text-editor.default\"><div class=\"elementor-widget-container\"><div class=\"elementor-text-editor elementor-clearfix\"><h4>Email<\/h4><\/div><\/div><\/div>\t\t\t\t\t\t<\/div>\n\t\t\t\t<\/div>\n\t\t\t\t<div class=\"elementor-element elementor-element-f1e3b46 elementor-widget elementor-widget-text-editor\" data-id=\"f1e3b46\" data-element_type=\"widget\" data-widget_type=\"text-editor.default\">\n\t\t\t\t<div class=\"elementor-widget-container\">\n\t\t\t\t\t\t\t<p><a class=\"qode-underlined-link\" href=\"mailto:qode@qodeinteractive.com\">ringdemassy@gmail.com<\/a><\/p>\t\t\t\t\t\t<\/div>\n\t\t\t\t<\/div>\n\t\t\t\t\t<\/div>\n\t\t<\/div>\n\t\t\t\t<div class=\"elementor-column elementor-col-25 elementor-top-column elementor-element elementor-element-876dd80\" data-id=\"876dd80\" data-element_type=\"column\">\n\t\t\t<div class=\"elementor-widget-wrap elementor-element-populated\">\n\t\t\t\t\t\t\t\t<div class=\"elementor-element elementor-element-ee59459 elementor-widget elementor-widget-text-editor\" data-id=\"ee59459\" data-element_type=\"widget\" data-widget_type=\"text-editor.default\">\n\t\t\t\t<div class=\"elementor-widget-container\">\n\t\t\t\t\t\t\t<div class=\"elementor-element elementor-element-ad24ef9 elementor-widget elementor-widget-text-editor\" data-id=\"ad24ef9\" data-element_type=\"widget\" data-widget_type=\"text-editor.default\"><div class=\"elementor-widget-container\"><div class=\"elementor-text-editor elementor-clearfix\"><h4>Facebook<\/h4><\/div><\/div><\/div>\t\t\t\t\t\t<\/div>\n\t\t\t\t<\/div>\n\t\t\t\t<div class=\"elementor-element elementor-element-1bc9f8e elementor-widget elementor-widget-text-editor\" data-id=\"1bc9f8e\" data-element_type=\"widget\" data-widget_type=\"text-editor.default\">\n\t\t\t\t<div class=\"elementor-widget-container\">\n\t\t\t\t\t\t\t<a class=\"qode-underlined-link\" href=\"https:\/\/fr-fr.facebook.com\/leringdemassy\/\">Facebook<\/a>\t\t\t\t\t\t<\/div>\n\t\t\t\t<\/div>\n\t\t\t\t\t<\/div>\n\t\t<\/div>\n\t\t\t\t<div class=\"elementor-column elementor-col-25 elementor-top-column elementor-element elementor-element-be8fc53\" data-id=\"be8fc53\" data-element_type=\"column\">\n\t\t\t<div class=\"elementor-widget-wrap elementor-element-populated\">\n\t\t\t\t\t\t\t\t<div class=\"elementor-element elementor-element-8e3aac1 elementor-widget elementor-widget-text-editor\" data-id=\"8e3aac1\" data-element_type=\"widget\" data-widget_type=\"text-editor.default\">\n\t\t\t\t<div class=\"elementor-widget-container\">\n\t\t\t\t\t\t\t<div class=\"elementor-element elementor-element-ad24ef9 elementor-widget elementor-widget-text-editor\" data-id=\"ad24ef9\" data-element_type=\"widget\" data-widget_type=\"text-editor.default\"><div class=\"elementor-widget-container\"><div class=\"elementor-text-editor elementor-clearfix\"><h4>Instagram<\/h4><\/div><\/div><\/div>\t\t\t\t\t\t<\/div>\n\t\t\t\t<\/div>\n\t\t\t\t<div class=\"elementor-element elementor-element-3b6c361 elementor-widget elementor-widget-text-editor\" data-id=\"3b6c361\" data-element_type=\"widget\" data-widget_type=\"text-editor.default\">\n\t\t\t\t<div class=\"elementor-widget-container\">\n\t\t\t\t\t\t\t<a class=\"qode-underlined-link\" href=\"https:\/\/www.instagram.com\/qodeinteractive\/\">Instagram<\/a>\t\t\t\t\t\t<\/div>\n\t\t\t\t<\/div>\n\t\t\t\t\t<\/div>\n\t\t<\/div>\n\t\t\t\t\t\t\t<\/div>\n\t\t<\/section>\n\t\t\t\t<section class=\"elementor-section elementor-top-section elementor-element elementor-element-ad37bcd elementor-section-full_width qode_elementor_container_inner elementor-section-height-default elementor-section-height-default parallax_section_no qode-content-aligment-left\" data-id=\"ad37bcd\" data-element_type=\"section\">\n\t\t\t\t\t\t<div class=\"elementor-container elementor-column-gap-default\">\n\t\t\t\t\t<div class=\"elementor-column elementor-col-50 elementor-top-column elementor-element elementor-element-2f72e91\" data-id=\"2f72e91\" data-element_type=\"column\">\n\t\t\t<div class=\"elementor-widget-wrap elementor-element-populated\">\n\t\t\t\t\t\t\t\t<div class=\"elementor-element elementor-element-775dd24 elementor-widget elementor-widget-image\" data-id=\"775dd24\" data-element_type=\"widget\" data-widget_type=\"image.default\">\n\t\t\t\t<div class=\"elementor-widget-container\">\n\t\t\t<style>\/*! elementor - v3.7.6 - 15-09-2022 *\/\n.elementor-widget-image{text-align:center}.elementor-widget-image a{display:inline-block}.elementor-widget-image a img[src$=\".svg\"]{width:48px}.elementor-widget-image img{vertical-align:middle;display:inline-block}<\/style>\t\t\t\t\t\t\t\t\t\t\t\t<img width=\"800\" height=\"700\" src=\"https:\/\/eiphe.com\/preproduction\/merci\/wp-content\/uploads\/2022\/02\/template_contact.jpg\" class=\"attachment-full size-full\" alt=\"\" loading=\"lazy\" srcset=\"https:\/\/eiphe.com\/preproduction\/merci\/wp-content\/uploads\/2022\/02\/template_contact.jpg 800w, https:\/\/eiphe.com\/preproduction\/merci\/wp-content\/uploads\/2022\/02\/template_contact-300x263.jpg 300w, https:\/\/eiphe.com\/preproduction\/merci\/wp-content\/uploads\/2022\/02\/template_contact-768x672.jpg 768w, https:\/\/eiphe.com\/preproduction\/merci\/wp-content\/uploads\/2022\/02\/template_contact-700x613.jpg 700w, https:\/\/eiphe.com\/preproduction\/merci\/wp-content\/uploads\/2022\/02\/template_contact-600x525.jpg 600w\" sizes=\"(max-width: 800px) 100vw, 800px\" \/>\t\t\t\t\t\t\t\t\t\t\t\t\t\t\t<\/div>\n\t\t\t\t<\/div>\n\t\t\t\t\t<\/div>\n\t\t<\/div>\n\t\t\t\t<div class=\"elementor-column elementor-col-50 elementor-top-column elementor-element elementor-element-0da4cf1\" data-id=\"0da4cf1\" data-element_type=\"column\">\n\t\t\t<div class=\"elementor-widget-wrap elementor-element-populated\">\n\t\t\t\t\t\t\t\t<div class=\"elementor-element elementor-element-597de7f elementor-widget elementor-widget-text-editor\" data-id=\"597de7f\" data-element_type=\"widget\" data-widget_type=\"text-editor.default\">\n\t\t\t\t<div class=\"elementor-widget-container\">\n\t\t\t\t\t\t\t<h2>Votre Message<\/h2>\t\t\t\t\t\t<\/div>\n\t\t\t\t<\/div>\n\t\t\t\t<div class=\"elementor-element elementor-element-5ca80b5 elementor-widget elementor-widget-text-editor\" data-id=\"5ca80b5\" data-element_type=\"widget\" data-widget_type=\"text-editor.default\">\n\t\t\t\t<div class=\"elementor-widget-container\">\n\t\t\t\t\t\t\t<p>Heureux de pouvoir r\u00e9pondre \u00e0 vos demandes. Choisissez gr\u00e2ce au formulaire la section de boxe concern\u00e9e.<\/p><p>\u00a0<\/p><p>Si vous souhaitez faire un cours d&rsquo;essai, pr\u00e9cisez dans votre message, le jour de votre venue, afin que les entraineurs puissent vous accueillir dans les meilleures conditions.<\/p>\t\t\t\t\t\t<\/div>\n\t\t\t\t<\/div>\n\t\t\t\t<div class=\"elementor-element elementor-element-f67f972 elementor-widget elementor-widget-stockholm_cf_7\" data-id=\"f67f972\" data-element_type=\"widget\" data-widget_type=\"stockholm_cf_7.default\">\n\t\t\t\t<div class=\"elementor-widget-container\">\n\t\t\t    <div class=\"qode-contact-form-7 qode-contact-form-7-0\">\n    <div role=\"form\" class=\"wpcf7\" id=\"wpcf7-f5-o1\" lang=\"en-US\" dir=\"ltr\">\n<div class=\"screen-reader-response\"><p role=\"status\" aria-live=\"polite\" aria-atomic=\"true\"><\/p> <ul><\/ul><\/div>\n<form action=\"\/preproduction\/merci\/wp-json\/wp\/v2\/pages\/1978#wpcf7-f5-o1\" method=\"post\" class=\"wpcf7-form init cf7_custom_style_1\" novalidate=\"novalidate\" data-status=\"init\">\n<div style=\"display: none;\">\n<input type=\"hidden\" name=\"_wpcf7\" value=\"5\" \/>\n<input type=\"hidden\" name=\"_wpcf7_version\" value=\"5.5.6\" \/>\n<input type=\"hidden\" name=\"_wpcf7_locale\" value=\"en_US\" \/>\n<input type=\"hidden\" name=\"_wpcf7_unit_tag\" value=\"wpcf7-f5-o1\" \/>\n<input type=\"hidden\" name=\"_wpcf7_container_post\" value=\"0\" \/>\n<input type=\"hidden\" name=\"_wpcf7_posted_data_hash\" value=\"\" \/>\n<\/div>\n<div class=\"cf7-style-default\">\n<div class=\"row\"><div class=\"col-xs-12\"><span class=\"wpcf7-form-control-wrap your-name\"><input type=\"text\" name=\"your-name\" value=\"\" size=\"40\" class=\"wpcf7-form-control wpcf7-text wpcf7-validates-as-required\" aria-required=\"true\" aria-invalid=\"false\" placeholder=\"Votre nom\" \/><\/span><\/div><\/div>\n<div class=\"row\"><div class=\"col-xs-12\"><span class=\"wpcf7-form-control-wrap your-firstname\"><input type=\"text\" name=\"your-firstname\" value=\"\" size=\"40\" class=\"wpcf7-form-control wpcf7-text wpcf7-validates-as-required\" aria-required=\"true\" aria-invalid=\"false\" placeholder=\"Votre pr\u00e9nom\" \/><\/span><\/div><\/div>\n<div class=\"row\"><div class=\"col-xs-12\"><span class=\"wpcf7-form-control-wrap your-email\"><input type=\"email\" name=\"your-email\" value=\"\" size=\"40\" class=\"wpcf7-form-control wpcf7-text wpcf7-email wpcf7-validates-as-required wpcf7-validates-as-email\" aria-required=\"true\" aria-invalid=\"false\" placeholder=\"Votre addresse email\" \/><\/span><\/div><\/div>\n<div class=\"row\"><div class=\"col-xs-12\"><span class=\"wpcf7-form-control-wrap your-phone\"><input type=\"text\" name=\"your-phone\" value=\"\" size=\"40\" class=\"wpcf7-form-control wpcf7-text wpcf7-validates-as-required\" aria-required=\"true\" aria-invalid=\"false\" placeholder=\"Votre num\u00e9ro de t\u00e9l\u00e9phone\" \/><\/span><\/div><\/div>\n<div class=\"row\"><div class=\"col-xs-12\"><span class=\"wpcf7-form-control-wrap choisir\"><select name=\"choisir\" class=\"wpcf7-form-control wpcf7-select wpcf7-validates-as-required\" aria-required=\"true\" aria-invalid=\"false\"><option value=\"\">Choisir<\/option><option value=\"boxe \u00e9ducative\">boxe \u00e9ducative<\/option><option value=\"boxe loisir\">boxe loisir<\/option><option value=\"boxe amateur\">boxe amateur<\/option><option value=\"a\u00e9roboxe\">a\u00e9roboxe<\/option><option value=\"boxe pro\">boxe pro<\/option><option value=\"demander un cours d&#039;essai\">demander un cours d&#039;essai<\/option><\/select><\/span><\/div><\/div>\n<div class=\"row\"><div class=\"col-xs-12\"><span class=\"wpcf7-form-control-wrap your-message\"><textarea name=\"your-message\" cols=\"40\" rows=\"4\" class=\"wpcf7-form-control wpcf7-textarea wpcf7-validates-as-required\" aria-required=\"true\" aria-invalid=\"false\" placeholder=\"Votre message\"><\/textarea><\/span><\/div><\/div>\n<label> Vous n'avez certainement pas envie de spammer la messagerie de notre club de boxe anglaise, alors merci de r\u00e9pondre \u00e0 cette question :\n<span class=\"wpcf7-form-control-wrap quiz-623\"><label><span class=\"wpcf7-quiz-label\">Dans quel d\u00e9partment de la r\u00e9gion parisienne est situ\u00e9 le Ring de Massy ?<\/span> <input type=\"text\" name=\"quiz-623\" size=\"40\" class=\"wpcf7-form-control wpcf7-quiz\" autocomplete=\"off\" aria-required=\"true\" aria-invalid=\"false\" \/><\/label><input type=\"hidden\" name=\"_wpcf7_quiz_answer_quiz-623\" value=\"e13232016635f4134f879e8d2cfa25f6\" \/><\/span> <\/label>\n<div class=\"row\"><div class=\"col-xs-12\"><input type=\"submit\" value=\"ENVOYER VOTRE MESSAGE\" class=\"wpcf7-form-control has-spinner wpcf7-submit btn btn-style-flat btn-color-black size-full\" \/><\/div><\/div>\n<\/div><p style=\"display: none !important;\"><label>&#916;<textarea name=\"_wpcf7_ak_hp_textarea\" cols=\"45\" rows=\"8\" maxlength=\"100\"><\/textarea><\/label><input type=\"hidden\" id=\"ak_js_1\" name=\"_wpcf7_ak_js\" value=\"79\"\/><script>document.getElementById( \"ak_js_1\" ).setAttribute( \"value\", ( new Date() ).getTime() );<\/script><\/p><div class=\"wpcf7-response-output\" aria-hidden=\"true\"><\/div><\/form><\/div>    <\/div>\n\t\t<\/div>\n\t\t\t\t<\/div>\n\t\t\t\t\t<\/div>\n\t\t<\/div>\n\t\t\t\t\t\t\t<\/div>\n\t\t<\/section>\n\t\t\t\t\t\t\t<\/div>\n\t\t","protected":false},"excerpt":{"rendered":"<p>Addresse COS de Massy &#8211; Av. du Noyer Lambert, 91300 Massy &#8211; France Email ringdemassy@gmail.com Facebook Facebook Instagram Instagram Votre Message Heureux de pouvoir r\u00e9pondre \u00e0 vos demandes. Choisissez gr\u00e2ce au formulaire la section de boxe concern\u00e9e. \u00a0 Si vous souhaitez faire un cours d&rsquo;essai,&#8230;<\/p>\n","protected":false},"author":1,"featured_media":0,"parent":0,"menu_order":0,"comment_status":"closed","ping_status":"closed","template":"full_width.php","meta":[],"_links":{"self":[{"href":"https:\/\/eiphe.com\/preproduction\/merci\/wp-json\/wp\/v2\/pages\/1978"}],"collection":[{"href":"https:\/\/eiphe.com\/preproduction\/merci\/wp-json\/wp\/v2\/pages"}],"about":[{"href":"https:\/\/eiphe.com\/preproduction\/merci\/wp-json\/wp\/v2\/types\/page"}],"author":[{"embeddable":true,"href":"https:\/\/eiphe.com\/preproduction\/merci\/wp-json\/wp\/v2\/users\/1"}],"replies":[{"embeddable":true,"href":"https:\/\/eiphe.com\/preproduction\/merci\/wp-json\/wp\/v2\/comments?post=1978"}],"version-history":[{"count":10,"href":"https:\/\/eiphe.com\/preproduction\/merci\/wp-json\/wp\/v2\/pages\/1978\/revisions"}],"predecessor-version":[{"id":2471,"href":"https:\/\/eiphe.com\/preproduction\/merci\/wp-json\/wp\/v2\/pages\/1978\/revisions\/2471"}],"wp:attachment":[{"href":"https:\/\/eiphe.com\/preproduction\/merci\/wp-json\/wp\/v2\/media?parent=1978"}],"curies":[{"name":"wp","href":"https:\/\/api.w.org\/{rel}","templated":true}]}}